{"id":345,"date":"2024-08-06T10:34:27","date_gmt":"2024-08-06T08:34:27","guid":{"rendered":"http:\/\/nadmuchowepeletowe.pl\/?page_id=345"},"modified":"2024-09-12T13:05:52","modified_gmt":"2024-09-12T11:05:52","slug":"co-to-jest-pelet-i-dlaczego-zrewolucjonizowal-system-grzewczy","status":"publish","type":"page","link":"https:\/\/nadmuchowepeletowe.pl\/?page_id=345","title":{"rendered":"Co to jest pelet i dlaczego zrewolucjonizowa\u0142 system grzewczy?"},"content":{"rendered":"\n\n\n\n\n\n\n\n","protected":false},"excerpt":{"rendered":"","protected":false},"author":1,"featured_media":0,"parent":0,"menu_order":0,"comment_status":"closed","ping_status":"closed","template":"full-width","meta":{"saved_in_kubio":true,"_monsterinsights_skip_tracking":false,"_monsterinsights_sitenote_active":false,"_monsterinsights_sitenote_note":"","_monsterinsights_sitenote_category":0,"footnotes":""},"class_list":["post-345","page","type-page","status-publish","hentry"],"kubio_ai_page_context":{"short_desc":"","purpose":"general"},"yoast_head":"<!-- This site is optimized with the Yoast SEO plugin v23.8 - https:\/\/yoast.com\/wordpress\/plugins\/seo\/ -->\n<title>Co to jest pelet i dlaczego zrewolucjonizowa\u0142 system grzewczy? - Specjali\u015bci w zakresie ogrzewania nadmuchowego i peletowego. Wszystkie potrzebne informacj\u0119 w jednym miejscu.<\/title>\n<meta name=\"description\" content=\"Pellet jest szeroko stosowany do ogrzewania dom\u00f3w, budynk\u00f3w u\u017cyteczno\u015bci publicznej oraz w przemy\u015ble, g\u0142\u00f3wnie ze wzgl\u0119du na swoj\u0105 wydajno\u015b\u0107, wygod\u0119 u\u017cytkowania i niskie koszty eksploatacji.\" \/>\n<meta name=\"robots\" content=\"index, follow, max-snippet:-1, max-image-preview:large, max-video-preview:-1\" \/>\n<link rel=\"canonical\" href=\"https:\/\/nadmuchowepeletowe.pl\/?page_id=345\" \/>\n<meta property=\"og:locale\" content=\"pl_PL\" \/>\n<meta property=\"og:type\" content=\"article\" \/>\n<meta property=\"og:title\" content=\"Co to jest pelet i dlaczego zrewolucjonizowa\u0142 system grzewczy? - Specjali\u015bci w zakresie ogrzewania nadmuchowego i peletowego. Wszystkie potrzebne informacj\u0119 w jednym miejscu.\" \/>\n<meta property=\"og:description\" content=\"Pellet jest szeroko stosowany do ogrzewania dom\u00f3w, budynk\u00f3w u\u017cyteczno\u015bci publicznej oraz w przemy\u015ble, g\u0142\u00f3wnie ze wzgl\u0119du na swoj\u0105 wydajno\u015b\u0107, wygod\u0119 u\u017cytkowania i niskie koszty eksploatacji.\" \/>\n<meta property=\"og:url\" content=\"https:\/\/nadmuchowepeletowe.pl\/?page_id=345\" \/>\n<meta property=\"og:site_name\" content=\"Specjali\u015bci w zakresie ogrzewania nadmuchowego i peletowego. Wszystkie potrzebne informacj\u0119 w jednym miejscu.\" \/>\n<meta property=\"article:modified_time\" content=\"2024-09-12T11:05:52+00:00\" \/>\n<meta name=\"twitter:card\" content=\"summary_large_image\" \/>\n<meta name=\"twitter:label1\" content=\"Szacowany czas czytania\" \/>\n\t<meta name=\"twitter:data1\" content=\"2 minuty\" \/>\n<script type=\"application\/ld+json\" class=\"yoast-schema-graph\">{\"@context\":\"https:\/\/schema.org\",\"@graph\":[{\"@type\":\"WebPage\",\"@id\":\"https:\/\/nadmuchowepeletowe.pl\/?page_id=345\",\"url\":\"https:\/\/nadmuchowepeletowe.pl\/?page_id=345\",\"name\":\"Co to jest pelet i dlaczego zrewolucjonizowa\u0142 system grzewczy? - Specjali\u015bci w zakresie ogrzewania nadmuchowego i peletowego. Wszystkie potrzebne informacj\u0119 w jednym miejscu.\",\"isPartOf\":{\"@id\":\"http:\/\/nadmuchowepeletowe.pl\/#website\"},\"datePublished\":\"2024-08-06T08:34:27+00:00\",\"dateModified\":\"2024-09-12T11:05:52+00:00\",\"description\":\"Pellet jest szeroko stosowany do ogrzewania dom\u00f3w, budynk\u00f3w u\u017cyteczno\u015bci publicznej oraz w przemy\u015ble, g\u0142\u00f3wnie ze wzgl\u0119du na swoj\u0105 wydajno\u015b\u0107, wygod\u0119 u\u017cytkowania i niskie koszty eksploatacji.\",\"breadcrumb\":{\"@id\":\"https:\/\/nadmuchowepeletowe.pl\/?page_id=345#breadcrumb\"},\"inLanguage\":\"pl-PL\",\"potentialAction\":[{\"@type\":\"ReadAction\",\"target\":[\"https:\/\/nadmuchowepeletowe.pl\/?page_id=345\"]}]},{\"@type\":\"BreadcrumbList\",\"@id\":\"https:\/\/nadmuchowepeletowe.pl\/?page_id=345#breadcrumb\",\"itemListElement\":[{\"@type\":\"ListItem\",\"position\":1,\"name\":\"Strona g\u0142\u00f3wna\",\"item\":\"http:\/\/nadmuchowepeletowe.pl\/\"},{\"@type\":\"ListItem\",\"position\":2,\"name\":\"Co to jest pelet i dlaczego zrewolucjonizowa\u0142 system grzewczy?\"}]},{\"@type\":\"WebSite\",\"@id\":\"http:\/\/nadmuchowepeletowe.pl\/#website\",\"url\":\"http:\/\/nadmuchowepeletowe.pl\/\",\"name\":\"Specjali\u015bci w zakresie ogrzewania nadmuchowego i peletowego. Wszystkie potrzebne informacj\u0119 w jednym miejscu.\",\"description\":\"Ogrzewanie nadmuchowe i peletowe\",\"publisher\":{\"@id\":\"http:\/\/nadmuchowepeletowe.pl\/#organization\"},\"potentialAction\":[{\"@type\":\"SearchAction\",\"target\":{\"@type\":\"EntryPoint\",\"urlTemplate\":\"http:\/\/nadmuchowepeletowe.pl\/?s={search_term_string}\"},\"query-input\":{\"@type\":\"PropertyValueSpecification\",\"valueRequired\":true,\"valueName\":\"search_term_string\"}}],\"inLanguage\":\"pl-PL\"},{\"@type\":\"Organization\",\"@id\":\"http:\/\/nadmuchowepeletowe.pl\/#organization\",\"name\":\"Specjali\u015bci w zakresie ogrzewania nadmuchowego i peletowego. Wszystkie potrzebne informacj\u0119 w jednym miejscu.\",\"url\":\"http:\/\/nadmuchowepeletowe.pl\/\",\"logo\":{\"@type\":\"ImageObject\",\"inLanguage\":\"pl-PL\",\"@id\":\"http:\/\/nadmuchowepeletowe.pl\/#\/schema\/logo\/image\/\",\"url\":\"https:\/\/nadmuchowepeletowe.pl\/wp-content\/uploads\/2024\/08\/nadmuchowe.png\",\"contentUrl\":\"https:\/\/nadmuchowepeletowe.pl\/wp-content\/uploads\/2024\/08\/nadmuchowe.png\",\"width\":500,\"height\":500,\"caption\":\"Specjali\u015bci w zakresie ogrzewania nadmuchowego i peletowego. Wszystkie potrzebne informacj\u0119 w jednym miejscu.\"},\"image\":{\"@id\":\"http:\/\/nadmuchowepeletowe.pl\/#\/schema\/logo\/image\/\"}}]}<\/script>\n<!-- \/ Yoast SEO plugin. -->","yoast_head_json":{"title":"Co to jest pelet i dlaczego zrewolucjonizowa\u0142 system grzewczy? - Specjali\u015bci w zakresie ogrzewania nadmuchowego i peletowego. Wszystkie potrzebne informacj\u0119 w jednym miejscu.","description":"Pellet jest szeroko stosowany do ogrzewania dom\u00f3w, budynk\u00f3w u\u017cyteczno\u015bci publicznej oraz w przemy\u015ble, g\u0142\u00f3wnie ze wzgl\u0119du na swoj\u0105 wydajno\u015b\u0107, wygod\u0119 u\u017cytkowania i niskie koszty eksploatacji.","robots":{"index":"index","follow":"follow","max-snippet":"max-snippet:-1","max-image-preview":"max-image-preview:large","max-video-preview":"max-video-preview:-1"},"canonical":"https:\/\/nadmuchowepeletowe.pl\/?page_id=345","og_locale":"pl_PL","og_type":"article","og_title":"Co to jest pelet i dlaczego zrewolucjonizowa\u0142 system grzewczy? - Specjali\u015bci w zakresie ogrzewania nadmuchowego i peletowego. Wszystkie potrzebne informacj\u0119 w jednym miejscu.","og_description":"Pellet jest szeroko stosowany do ogrzewania dom\u00f3w, budynk\u00f3w u\u017cyteczno\u015bci publicznej oraz w przemy\u015ble, g\u0142\u00f3wnie ze wzgl\u0119du na swoj\u0105 wydajno\u015b\u0107, wygod\u0119 u\u017cytkowania i niskie koszty eksploatacji.","og_url":"https:\/\/nadmuchowepeletowe.pl\/?page_id=345","og_site_name":"Specjali\u015bci w zakresie ogrzewania nadmuchowego i peletowego. Wszystkie potrzebne informacj\u0119 w jednym miejscu.","article_modified_time":"2024-09-12T11:05:52+00:00","twitter_card":"summary_large_image","twitter_misc":{"Szacowany czas czytania":"2 minuty"},"schema":{"@context":"https:\/\/schema.org","@graph":[{"@type":"WebPage","@id":"https:\/\/nadmuchowepeletowe.pl\/?page_id=345","url":"https:\/\/nadmuchowepeletowe.pl\/?page_id=345","name":"Co to jest pelet i dlaczego zrewolucjonizowa\u0142 system grzewczy? - Specjali\u015bci w zakresie ogrzewania nadmuchowego i peletowego. Wszystkie potrzebne informacj\u0119 w jednym miejscu.","isPartOf":{"@id":"http:\/\/nadmuchowepeletowe.pl\/#website"},"datePublished":"2024-08-06T08:34:27+00:00","dateModified":"2024-09-12T11:05:52+00:00","description":"Pellet jest szeroko stosowany do ogrzewania dom\u00f3w, budynk\u00f3w u\u017cyteczno\u015bci publicznej oraz w przemy\u015ble, g\u0142\u00f3wnie ze wzgl\u0119du na swoj\u0105 wydajno\u015b\u0107, wygod\u0119 u\u017cytkowania i niskie koszty eksploatacji.","breadcrumb":{"@id":"https:\/\/nadmuchowepeletowe.pl\/?page_id=345#breadcrumb"},"inLanguage":"pl-PL","potentialAction":[{"@type":"ReadAction","target":["https:\/\/nadmuchowepeletowe.pl\/?page_id=345"]}]},{"@type":"BreadcrumbList","@id":"https:\/\/nadmuchowepeletowe.pl\/?page_id=345#breadcrumb","itemListElement":[{"@type":"ListItem","position":1,"name":"Strona g\u0142\u00f3wna","item":"http:\/\/nadmuchowepeletowe.pl\/"},{"@type":"ListItem","position":2,"name":"Co to jest pelet i dlaczego zrewolucjonizowa\u0142 system grzewczy?"}]},{"@type":"WebSite","@id":"http:\/\/nadmuchowepeletowe.pl\/#website","url":"http:\/\/nadmuchowepeletowe.pl\/","name":"Specjali\u015bci w zakresie ogrzewania nadmuchowego i peletowego. Wszystkie potrzebne informacj\u0119 w jednym miejscu.","description":"Ogrzewanie nadmuchowe i peletowe","publisher":{"@id":"http:\/\/nadmuchowepeletowe.pl\/#organization"},"potentialAction":[{"@type":"SearchAction","target":{"@type":"EntryPoint","urlTemplate":"http:\/\/nadmuchowepeletowe.pl\/?s={search_term_string}"},"query-input":{"@type":"PropertyValueSpecification","valueRequired":true,"valueName":"search_term_string"}}],"inLanguage":"pl-PL"},{"@type":"Organization","@id":"http:\/\/nadmuchowepeletowe.pl\/#organization","name":"Specjali\u015bci w zakresie ogrzewania nadmuchowego i peletowego. Wszystkie potrzebne informacj\u0119 w jednym miejscu.","url":"http:\/\/nadmuchowepeletowe.pl\/","logo":{"@type":"ImageObject","inLanguage":"pl-PL","@id":"http:\/\/nadmuchowepeletowe.pl\/#\/schema\/logo\/image\/","url":"https:\/\/nadmuchowepeletowe.pl\/wp-content\/uploads\/2024\/08\/nadmuchowe.png","contentUrl":"https:\/\/nadmuchowepeletowe.pl\/wp-content\/uploads\/2024\/08\/nadmuchowe.png","width":500,"height":500,"caption":"Specjali\u015bci w zakresie ogrzewania nadmuchowego i peletowego. Wszystkie potrzebne informacj\u0119 w jednym miejscu."},"image":{"@id":"http:\/\/nadmuchowepeletowe.pl\/#\/schema\/logo\/image\/"}}]}},"_links":{"self":[{"href":"https:\/\/nadmuchowepeletowe.pl\/index.php?rest_route=\/wp\/v2\/pages\/345","targetHints":{"allow":["GET"]}}],"collection":[{"href":"https:\/\/nadmuchowepeletowe.pl\/index.php?rest_route=\/wp\/v2\/pages"}],"about":[{"href":"https:\/\/nadmuchowepeletowe.pl\/index.php?rest_route=\/wp\/v2\/types\/page"}],"author":[{"embeddable":true,"href":"https:\/\/nadmuchowepeletowe.pl\/index.php?rest_route=\/wp\/v2\/users\/1"}],"replies":[{"embeddable":true,"href":"https:\/\/nadmuchowepeletowe.pl\/index.php?rest_route=%2Fwp%2Fv2%2Fcomments&post=345"}],"version-history":[{"count":17,"href":"https:\/\/nadmuchowepeletowe.pl\/index.php?rest_route=\/wp\/v2\/pages\/345\/revisions"}],"predecessor-version":[{"id":1159,"href":"https:\/\/nadmuchowepeletowe.pl\/index.php?rest_route=\/wp\/v2\/pages\/345\/revisions\/1159"}],"wp:attachment":[{"href":"https:\/\/nadmuchowepeletowe.pl\/index.php?rest_route=%2Fwp%2Fv2%2Fmedia&parent=345"}],"curies":[{"name":"wp","href":"https:\/\/api.w.org\/{rel}","templated":true}]}}