{"id":14,"date":"2024-07-24T11:06:53","date_gmt":"2024-07-24T09:06:53","guid":{"rendered":"http:\/\/nadmuchowepeletowe.pl\/?page_id=14"},"modified":"2024-12-02T14:30:47","modified_gmt":"2024-12-02T13:30:47","slug":"ogrzewanie-nadmuchowe-i-peletowe","status":"publish","type":"page","link":"https:\/\/nadmuchowepeletowe.pl\/","title":{"rendered":"O Nas"},"content":{"rendered":"\n\n\n\n\n\n\n\n\n\n\n\n","protected":false},"excerpt":{"rendered":"","protected":false},"author":1,"featured_media":119,"parent":0,"menu_order":0,"comment_status":"closed","ping_status":"closed","template":"","meta":{"saved_in_kubio":true,"_monsterinsights_skip_tracking":false,"_monsterinsights_sitenote_active":false,"_monsterinsights_sitenote_note":"","_monsterinsights_sitenote_category":0,"footnotes":""},"class_list":["post-14","page","type-page","status-publish","has-post-thumbnail","hentry"],"kubio_ai_page_context":{"short_desc":"","purpose":"general"},"yoast_head":"<!-- This site is optimized with the Yoast SEO plugin v23.8 - https:\/\/yoast.com\/wordpress\/plugins\/seo\/ -->\n<title>O Nas - Specjali\u015bci w zakresie ogrzewania nadmuchowego i peletowego. Wszystkie potrzebne informacj\u0119 w jednym miejscu.<\/title>\n<meta name=\"description\" content=\"Ogrzewanie Nadmuchowe i Peletowe \u2013 Efektywno\u015b\u0107 i Komfort dla Twojego Domu. Wyb\u00f3r odpowiedniego systemu ogrzewania jest kluczowy dla komfortu oraz efektywno\u015bci energetycznej Twojego domu. Zar\u00f3wno ogrzewanie nadmuchowe, jak i peletowe oferuj\u0105 liczne korzy\u015bci, kt\u00f3re mog\u0105 uczyni\u0107 Tw\u00f3j dom bardziej komfortowym, ekologicznym i ekonomicznym. Je\u015bli zastanawiasz si\u0119 nad modernizacj\u0105 swojego systemu grzewczego, warto rozwa\u017cy\u0107 te nowoczesne rozwi\u0105zania\" \/>\n<meta name=\"robots\" content=\"index, follow, max-snippet:-1, max-image-preview:large, max-video-preview:-1\" \/>\n<link rel=\"canonical\" href=\"http:\/\/nadmuchowepeletowe.pl\/\" \/>\n<meta property=\"og:locale\" content=\"pl_PL\" \/>\n<meta property=\"og:type\" content=\"article\" \/>\n<meta property=\"og:title\" content=\"O Nas - Specjali\u015bci w zakresie ogrzewania nadmuchowego i peletowego. Wszystkie potrzebne informacj\u0119 w jednym miejscu.\" \/>\n<meta property=\"og:description\" content=\"Ogrzewanie Nadmuchowe i Peletowe \u2013 Efektywno\u015b\u0107 i Komfort dla Twojego Domu. Wyb\u00f3r odpowiedniego systemu ogrzewania jest kluczowy dla komfortu oraz efektywno\u015bci energetycznej Twojego domu. Zar\u00f3wno ogrzewanie nadmuchowe, jak i peletowe oferuj\u0105 liczne korzy\u015bci, kt\u00f3re mog\u0105 uczyni\u0107 Tw\u00f3j dom bardziej komfortowym, ekologicznym i ekonomicznym. Je\u015bli zastanawiasz si\u0119 nad modernizacj\u0105 swojego systemu grzewczego, warto rozwa\u017cy\u0107 te nowoczesne rozwi\u0105zania\" \/>\n<meta property=\"og:url\" content=\"http:\/\/nadmuchowepeletowe.pl\/\" \/>\n<meta property=\"og:site_name\" content=\"Specjali\u015bci w zakresie ogrzewania nadmuchowego i peletowego. Wszystkie potrzebne informacj\u0119 w jednym miejscu.\" \/>\n<meta property=\"article:modified_time\" content=\"2024-12-02T13:30:47+00:00\" \/>\n<meta property=\"og:image\" content=\"http:\/\/nadmuchowepeletowe.pl\/wp-content\/uploads\/2024\/07\/nadmuchowe-2.png\" \/>\n\t<meta property=\"og:image:width\" content=\"500\" \/>\n\t<meta property=\"og:image:height\" content=\"500\" \/>\n\t<meta property=\"og:image:type\" content=\"image\/png\" \/>\n<meta name=\"twitter:card\" content=\"summary_large_image\" \/>\n<meta name=\"twitter:label1\" content=\"Szacowany czas czytania\" \/>\n\t<meta name=\"twitter:data1\" content=\"1 minuta\" \/>\n<script type=\"application\/ld+json\" class=\"yoast-schema-graph\">{\"@context\":\"https:\/\/schema.org\",\"@graph\":[{\"@type\":\"WebPage\",\"@id\":\"http:\/\/nadmuchowepeletowe.pl\/\",\"url\":\"http:\/\/nadmuchowepeletowe.pl\/\",\"name\":\"O Nas - Specjali\u015bci w zakresie ogrzewania nadmuchowego i peletowego. Wszystkie potrzebne informacj\u0119 w jednym miejscu.\",\"isPartOf\":{\"@id\":\"http:\/\/nadmuchowepeletowe.pl\/#website\"},\"primaryImageOfPage\":{\"@id\":\"http:\/\/nadmuchowepeletowe.pl\/#primaryimage\"},\"image\":{\"@id\":\"http:\/\/nadmuchowepeletowe.pl\/#primaryimage\"},\"thumbnailUrl\":\"https:\/\/nadmuchowepeletowe.pl\/wp-content\/uploads\/2024\/07\/nadmuchowe-2.png\",\"datePublished\":\"2024-07-24T09:06:53+00:00\",\"dateModified\":\"2024-12-02T13:30:47+00:00\",\"description\":\"Ogrzewanie Nadmuchowe i Peletowe \u2013 Efektywno\u015b\u0107 i Komfort dla Twojego Domu. Wyb\u00f3r odpowiedniego systemu ogrzewania jest kluczowy dla komfortu oraz efektywno\u015bci energetycznej Twojego domu. Zar\u00f3wno ogrzewanie nadmuchowe, jak i peletowe oferuj\u0105 liczne korzy\u015bci, kt\u00f3re mog\u0105 uczyni\u0107 Tw\u00f3j dom bardziej komfortowym, ekologicznym i ekonomicznym. Je\u015bli zastanawiasz si\u0119 nad modernizacj\u0105 swojego systemu grzewczego, warto rozwa\u017cy\u0107 te nowoczesne rozwi\u0105zania\",\"breadcrumb\":{\"@id\":\"http:\/\/nadmuchowepeletowe.pl\/#breadcrumb\"},\"inLanguage\":\"pl-PL\",\"potentialAction\":[{\"@type\":\"ReadAction\",\"target\":[\"http:\/\/nadmuchowepeletowe.pl\/\"]}]},{\"@type\":\"ImageObject\",\"inLanguage\":\"pl-PL\",\"@id\":\"http:\/\/nadmuchowepeletowe.pl\/#primaryimage\",\"url\":\"https:\/\/nadmuchowepeletowe.pl\/wp-content\/uploads\/2024\/07\/nadmuchowe-2.png\",\"contentUrl\":\"https:\/\/nadmuchowepeletowe.pl\/wp-content\/uploads\/2024\/07\/nadmuchowe-2.png\",\"width\":500,\"height\":500},{\"@type\":\"BreadcrumbList\",\"@id\":\"http:\/\/nadmuchowepeletowe.pl\/#breadcrumb\",\"itemListElement\":[{\"@type\":\"ListItem\",\"position\":1,\"name\":\"Strona g\u0142\u00f3wna\",\"item\":\"http:\/\/nadmuchowepeletowe.pl\/\"},{\"@type\":\"ListItem\",\"position\":2,\"name\":\"O Nas\"}]},{\"@type\":\"WebSite\",\"@id\":\"http:\/\/nadmuchowepeletowe.pl\/#website\",\"url\":\"http:\/\/nadmuchowepeletowe.pl\/\",\"name\":\"Specjali\u015bci w zakresie ogrzewania nadmuchowego i peletowego. Wszystkie potrzebne informacj\u0119 w jednym miejscu.\",\"description\":\"Ogrzewanie nadmuchowe i peletowe\",\"publisher\":{\"@id\":\"http:\/\/nadmuchowepeletowe.pl\/#organization\"},\"potentialAction\":[{\"@type\":\"SearchAction\",\"target\":{\"@type\":\"EntryPoint\",\"urlTemplate\":\"http:\/\/nadmuchowepeletowe.pl\/?s={search_term_string}\"},\"query-input\":{\"@type\":\"PropertyValueSpecification\",\"valueRequired\":true,\"valueName\":\"search_term_string\"}}],\"inLanguage\":\"pl-PL\"},{\"@type\":\"Organization\",\"@id\":\"http:\/\/nadmuchowepeletowe.pl\/#organization\",\"name\":\"Specjali\u015bci w zakresie ogrzewania nadmuchowego i peletowego. Wszystkie potrzebne informacj\u0119 w jednym miejscu.\",\"url\":\"http:\/\/nadmuchowepeletowe.pl\/\",\"logo\":{\"@type\":\"ImageObject\",\"inLanguage\":\"pl-PL\",\"@id\":\"http:\/\/nadmuchowepeletowe.pl\/#\/schema\/logo\/image\/\",\"url\":\"https:\/\/nadmuchowepeletowe.pl\/wp-content\/uploads\/2024\/08\/nadmuchowe.png\",\"contentUrl\":\"https:\/\/nadmuchowepeletowe.pl\/wp-content\/uploads\/2024\/08\/nadmuchowe.png\",\"width\":500,\"height\":500,\"caption\":\"Specjali\u015bci w zakresie ogrzewania nadmuchowego i peletowego. Wszystkie potrzebne informacj\u0119 w jednym miejscu.\"},\"image\":{\"@id\":\"http:\/\/nadmuchowepeletowe.pl\/#\/schema\/logo\/image\/\"}}]}<\/script>\n<!-- \/ Yoast SEO plugin. -->","yoast_head_json":{"title":"O Nas - Specjali\u015bci w zakresie ogrzewania nadmuchowego i peletowego. Wszystkie potrzebne informacj\u0119 w jednym miejscu.","description":"Ogrzewanie Nadmuchowe i Peletowe \u2013 Efektywno\u015b\u0107 i Komfort dla Twojego Domu. Wyb\u00f3r odpowiedniego systemu ogrzewania jest kluczowy dla komfortu oraz efektywno\u015bci energetycznej Twojego domu. Zar\u00f3wno ogrzewanie nadmuchowe, jak i peletowe oferuj\u0105 liczne korzy\u015bci, kt\u00f3re mog\u0105 uczyni\u0107 Tw\u00f3j dom bardziej komfortowym, ekologicznym i ekonomicznym. Je\u015bli zastanawiasz si\u0119 nad modernizacj\u0105 swojego systemu grzewczego, warto rozwa\u017cy\u0107 te nowoczesne rozwi\u0105zania","robots":{"index":"index","follow":"follow","max-snippet":"max-snippet:-1","max-image-preview":"max-image-preview:large","max-video-preview":"max-video-preview:-1"},"canonical":"http:\/\/nadmuchowepeletowe.pl\/","og_locale":"pl_PL","og_type":"article","og_title":"O Nas - Specjali\u015bci w zakresie ogrzewania nadmuchowego i peletowego. Wszystkie potrzebne informacj\u0119 w jednym miejscu.","og_description":"Ogrzewanie Nadmuchowe i Peletowe \u2013 Efektywno\u015b\u0107 i Komfort dla Twojego Domu. Wyb\u00f3r odpowiedniego systemu ogrzewania jest kluczowy dla komfortu oraz efektywno\u015bci energetycznej Twojego domu. Zar\u00f3wno ogrzewanie nadmuchowe, jak i peletowe oferuj\u0105 liczne korzy\u015bci, kt\u00f3re mog\u0105 uczyni\u0107 Tw\u00f3j dom bardziej komfortowym, ekologicznym i ekonomicznym. Je\u015bli zastanawiasz si\u0119 nad modernizacj\u0105 swojego systemu grzewczego, warto rozwa\u017cy\u0107 te nowoczesne rozwi\u0105zania","og_url":"http:\/\/nadmuchowepeletowe.pl\/","og_site_name":"Specjali\u015bci w zakresie ogrzewania nadmuchowego i peletowego. Wszystkie potrzebne informacj\u0119 w jednym miejscu.","article_modified_time":"2024-12-02T13:30:47+00:00","og_image":[{"width":500,"height":500,"url":"http:\/\/nadmuchowepeletowe.pl\/wp-content\/uploads\/2024\/07\/nadmuchowe-2.png","type":"image\/png"}],"twitter_card":"summary_large_image","twitter_misc":{"Szacowany czas czytania":"1 minuta"},"schema":{"@context":"https:\/\/schema.org","@graph":[{"@type":"WebPage","@id":"http:\/\/nadmuchowepeletowe.pl\/","url":"http:\/\/nadmuchowepeletowe.pl\/","name":"O Nas - Specjali\u015bci w zakresie ogrzewania nadmuchowego i peletowego. Wszystkie potrzebne informacj\u0119 w jednym miejscu.","isPartOf":{"@id":"http:\/\/nadmuchowepeletowe.pl\/#website"},"primaryImageOfPage":{"@id":"http:\/\/nadmuchowepeletowe.pl\/#primaryimage"},"image":{"@id":"http:\/\/nadmuchowepeletowe.pl\/#primaryimage"},"thumbnailUrl":"https:\/\/nadmuchowepeletowe.pl\/wp-content\/uploads\/2024\/07\/nadmuchowe-2.png","datePublished":"2024-07-24T09:06:53+00:00","dateModified":"2024-12-02T13:30:47+00:00","description":"Ogrzewanie Nadmuchowe i Peletowe \u2013 Efektywno\u015b\u0107 i Komfort dla Twojego Domu. Wyb\u00f3r odpowiedniego systemu ogrzewania jest kluczowy dla komfortu oraz efektywno\u015bci energetycznej Twojego domu. Zar\u00f3wno ogrzewanie nadmuchowe, jak i peletowe oferuj\u0105 liczne korzy\u015bci, kt\u00f3re mog\u0105 uczyni\u0107 Tw\u00f3j dom bardziej komfortowym, ekologicznym i ekonomicznym. Je\u015bli zastanawiasz si\u0119 nad modernizacj\u0105 swojego systemu grzewczego, warto rozwa\u017cy\u0107 te nowoczesne rozwi\u0105zania","breadcrumb":{"@id":"http:\/\/nadmuchowepeletowe.pl\/#breadcrumb"},"inLanguage":"pl-PL","potentialAction":[{"@type":"ReadAction","target":["http:\/\/nadmuchowepeletowe.pl\/"]}]},{"@type":"ImageObject","inLanguage":"pl-PL","@id":"http:\/\/nadmuchowepeletowe.pl\/#primaryimage","url":"https:\/\/nadmuchowepeletowe.pl\/wp-content\/uploads\/2024\/07\/nadmuchowe-2.png","contentUrl":"https:\/\/nadmuchowepeletowe.pl\/wp-content\/uploads\/2024\/07\/nadmuchowe-2.png","width":500,"height":500},{"@type":"BreadcrumbList","@id":"http:\/\/nadmuchowepeletowe.pl\/#breadcrumb","itemListElement":[{"@type":"ListItem","position":1,"name":"Strona g\u0142\u00f3wna","item":"http:\/\/nadmuchowepeletowe.pl\/"},{"@type":"ListItem","position":2,"name":"O Nas"}]},{"@type":"WebSite","@id":"http:\/\/nadmuchowepeletowe.pl\/#website","url":"http:\/\/nadmuchowepeletowe.pl\/","name":"Specjali\u015bci w zakresie ogrzewania nadmuchowego i peletowego. Wszystkie potrzebne informacj\u0119 w jednym miejscu.","description":"Ogrzewanie nadmuchowe i peletowe","publisher":{"@id":"http:\/\/nadmuchowepeletowe.pl\/#organization"},"potentialAction":[{"@type":"SearchAction","target":{"@type":"EntryPoint","urlTemplate":"http:\/\/nadmuchowepeletowe.pl\/?s={search_term_string}"},"query-input":{"@type":"PropertyValueSpecification","valueRequired":true,"valueName":"search_term_string"}}],"inLanguage":"pl-PL"},{"@type":"Organization","@id":"http:\/\/nadmuchowepeletowe.pl\/#organization","name":"Specjali\u015bci w zakresie ogrzewania nadmuchowego i peletowego. Wszystkie potrzebne informacj\u0119 w jednym miejscu.","url":"http:\/\/nadmuchowepeletowe.pl\/","logo":{"@type":"ImageObject","inLanguage":"pl-PL","@id":"http:\/\/nadmuchowepeletowe.pl\/#\/schema\/logo\/image\/","url":"https:\/\/nadmuchowepeletowe.pl\/wp-content\/uploads\/2024\/08\/nadmuchowe.png","contentUrl":"https:\/\/nadmuchowepeletowe.pl\/wp-content\/uploads\/2024\/08\/nadmuchowe.png","width":500,"height":500,"caption":"Specjali\u015bci w zakresie ogrzewania nadmuchowego i peletowego. Wszystkie potrzebne informacj\u0119 w jednym miejscu."},"image":{"@id":"http:\/\/nadmuchowepeletowe.pl\/#\/schema\/logo\/image\/"}}]}},"_links":{"self":[{"href":"https:\/\/nadmuchowepeletowe.pl\/index.php?rest_route=\/wp\/v2\/pages\/14","targetHints":{"allow":["GET"]}}],"collection":[{"href":"https:\/\/nadmuchowepeletowe.pl\/index.php?rest_route=\/wp\/v2\/pages"}],"about":[{"href":"https:\/\/nadmuchowepeletowe.pl\/index.php?rest_route=\/wp\/v2\/types\/page"}],"author":[{"embeddable":true,"href":"https:\/\/nadmuchowepeletowe.pl\/index.php?rest_route=\/wp\/v2\/users\/1"}],"replies":[{"embeddable":true,"href":"https:\/\/nadmuchowepeletowe.pl\/index.php?rest_route=%2Fwp%2Fv2%2Fcomments&post=14"}],"version-history":[{"count":48,"href":"https:\/\/nadmuchowepeletowe.pl\/index.php?rest_route=\/wp\/v2\/pages\/14\/revisions"}],"predecessor-version":[{"id":1345,"href":"https:\/\/nadmuchowepeletowe.pl\/index.php?rest_route=\/wp\/v2\/pages\/14\/revisions\/1345"}],"wp:featuredmedia":[{"embeddable":true,"href":"https:\/\/nadmuchowepeletowe.pl\/index.php?rest_route=\/wp\/v2\/media\/119"}],"wp:attachment":[{"href":"https:\/\/nadmuchowepeletowe.pl\/index.php?rest_route=%2Fwp%2Fv2%2Fmedia&parent=14"}],"curies":[{"name":"wp","href":"https:\/\/api.w.org\/{rel}","templated":true}]}}